{"id":1244,"date":"2019-05-22T11:11:36","date_gmt":"2019-05-22T11:11:36","guid":{"rendered":"http:\/\/romanherzog.ch\/casaroccabella.ch\/?page_id=1244"},"modified":"2024-12-09T10:19:55","modified_gmt":"2024-12-09T10:19:55","slug":"appartement-c","status":"publish","type":"page","link":"https:\/\/casaroccabella.ch\/index.php\/appartement-c\/","title":{"rendered":"Appartement C Studio"},"content":{"rendered":"<div id='layer_slider_1'  class='avia-layerslider main_color avia-shadow  avia-builder-el-0  el_before_av_one_fifth  avia-builder-el-first  container_wrap fullsize' style='  height: 301px; max-width: 1280px; margin: 0 auto;' ><\/div><div id='after_layer_slider_1'  class='main_color av_default_container_wrap container_wrap fullsize' style=' '  ><div class='container' ><div class='template-page content  av-content-full alpha units'><div class='post-entry post-entry-type-page post-entry-1244'><div class='entry-content-wrapper clearfix'>\n<div class=\"flex_column av_one_fifth  flex_column_div av-zero-column-padding first  avia-builder-el-1  el_after_av_layerslider  el_before_av_three_fifth  avia-builder-el-first  \" style='border-radius:0px; '><span  class=\"av_font_icon avia_animate_when_visible avia-icon-animate  av-icon-style-  av-no-color avia-icon-pos-right \" style=\"\"><a href='https:\/\/casaroccabella.ch\/index.php\/appartement-b'   class='av-icon-char' style='font-size:40px;line-height:40px;' aria-hidden='true' data-av_icon='\ue87c' data-av_iconfont='entypo-fontello' ><\/a><\/span><\/div>\n<div class=\"flex_column av_three_fifth  flex_column_div av-zero-column-padding   avia-builder-el-3  el_after_av_one_fifth  el_before_av_one_fifth  \" style='border-radius:0px; '><p><div  style='padding-bottom:10px; ' class='av-special-heading av-special-heading-h3    avia-builder-el-4  el_before_av_slideshow  avia-builder-el-first  '><h3 class='av-special-heading-tag '  itemprop=\"headline\"  >Appartement C<\/h3><div class='special-heading-border'><div class='special-heading-inner-border' ><\/div><\/div><\/div><br \/>\n<div   data-size='no scaling'  data-lightbox_size='large'  data-animation='slide'  data-conditional_play=''  data-ids='738,749,739,740,742,741,743,745,750,747,748'  data-video_counter='0'  data-autoplay='true'  data-bg_slider='false'  data-slide_height=''  data-handle='av_slideshow'  data-interval='5'  data-class=' avia-builder-el-5  el_after_av_heading  el_before_av_textblock  '  data-el_id=''  data-css_id=''  data-scroll_down=''  data-control_layout='av-control-default'  data-custom_markup=''  data-perma_caption=''  data-autoplay_stopper=''  data-image_attachment=''  data-min_height='0px'  data-lazy_loading='disabled'  class='avia-slideshow avia-slideshow-1  av-control-default av-default-height-applied avia-slideshow-no scaling av_slideshow  avia-builder-el-5  el_after_av_heading  el_before_av_textblock   avia-slide-slider '  itemprop=\"image\" itemscope=\"itemscope\" itemtype=\"https:\/\/schema.org\/ImageObject\" ><ul class='avia-slideshow-inner ' style='padding-bottom: 75%;' ><li  class=' slide-1 ' ><div data-rel='slideshow-1' class='avia-slide-wrap '   ><img decoding=\"async\" class=\"wp-image-738 avia-img-lazy-loading-not-738\"  src=\"https:\/\/casaroccabella.ch\/wp-content\/uploads\/2019\/02\/3-2.jpg\" width=\"1280\" height=\"960\" title='3' alt=''  itemprop=\"thumbnailUrl\" srcset=\"https:\/\/casaroccabella.ch\/wp-content\/uploads\/2019\/02\/3-2.jpg 1280w, https:\/\/casaroccabella.ch\/wp-content\/uploads\/2019\/02\/3-2-300x225.jpg 300w, https:\/\/casaroccabella.ch\/wp-content\/uploads\/2019\/02\/3-2-768x576.jpg 768w, https:\/\/casaroccabella.ch\/wp-content\/uploads\/2019\/02\/3-2-1030x773.jpg 1030w, https:\/\/casaroccabella.ch\/wp-content\/uploads\/2019\/02\/3-2-705x529.jpg 705w, https:\/\/casaroccabella.ch\/wp-content\/uploads\/2019\/02\/3-2-450x338.jpg 450w\" sizes=\"(max-width: 1280px) 100vw, 1280px\" \/><\/div><\/li><li  class=' slide-2 ' ><div data-rel='slideshow-1' class='avia-slide-wrap '   ><img decoding=\"async\" class=\"wp-image-749 avia-img-lazy-loading-not-749\"  src=\"https:\/\/casaroccabella.ch\/wp-content\/uploads\/2019\/02\/13-2.jpg\" width=\"1280\" height=\"960\" title='13' alt=''  itemprop=\"thumbnailUrl\" srcset=\"https:\/\/casaroccabella.ch\/wp-content\/uploads\/2019\/02\/13-2.jpg 1280w, https:\/\/casaroccabella.ch\/wp-content\/uploads\/2019\/02\/13-2-300x225.jpg 300w, https:\/\/casaroccabella.ch\/wp-content\/uploads\/2019\/02\/13-2-768x576.jpg 768w, https:\/\/casaroccabella.ch\/wp-content\/uploads\/2019\/02\/13-2-1030x773.jpg 1030w, https:\/\/casaroccabella.ch\/wp-content\/uploads\/2019\/02\/13-2-705x529.jpg 705w, https:\/\/casaroccabella.ch\/wp-content\/uploads\/2019\/02\/13-2-450x338.jpg 450w\" sizes=\"(max-width: 1280px) 100vw, 1280px\" \/><\/div><\/li><li  class=' slide-3 ' ><div data-rel='slideshow-1' class='avia-slide-wrap '   ><img decoding=\"async\" class=\"wp-image-739 avia-img-lazy-loading-not-739\"  src=\"https:\/\/casaroccabella.ch\/wp-content\/uploads\/2019\/02\/4-2.jpg\" width=\"1280\" height=\"960\" title='4' alt=''  itemprop=\"thumbnailUrl\" srcset=\"https:\/\/casaroccabella.ch\/wp-content\/uploads\/2019\/02\/4-2.jpg 1280w, https:\/\/casaroccabella.ch\/wp-content\/uploads\/2019\/02\/4-2-300x225.jpg 300w, https:\/\/casaroccabella.ch\/wp-content\/uploads\/2019\/02\/4-2-768x576.jpg 768w, https:\/\/casaroccabella.ch\/wp-content\/uploads\/2019\/02\/4-2-1030x773.jpg 1030w, https:\/\/casaroccabella.ch\/wp-content\/uploads\/2019\/02\/4-2-705x529.jpg 705w, https:\/\/casaroccabella.ch\/wp-content\/uploads\/2019\/02\/4-2-450x338.jpg 450w\" sizes=\"(max-width: 1280px) 100vw, 1280px\" \/><\/div><\/li><li  class=' slide-4 ' ><div data-rel='slideshow-1' class='avia-slide-wrap '   ><img decoding=\"async\" class=\"wp-image-740 avia-img-lazy-loading-not-740\"  src=\"https:\/\/casaroccabella.ch\/wp-content\/uploads\/2019\/02\/5-2.jpg\" width=\"1024\" height=\"768\" title='5' alt=''  itemprop=\"thumbnailUrl\" srcset=\"https:\/\/casaroccabella.ch\/wp-content\/uploads\/2019\/02\/5-2.jpg 1024w, https:\/\/casaroccabella.ch\/wp-content\/uploads\/2019\/02\/5-2-300x225.jpg 300w, https:\/\/casaroccabella.ch\/wp-content\/uploads\/2019\/02\/5-2-768x576.jpg 768w, https:\/\/casaroccabella.ch\/wp-content\/uploads\/2019\/02\/5-2-705x529.jpg 705w, https:\/\/casaroccabella.ch\/wp-content\/uploads\/2019\/02\/5-2-450x338.jpg 450w\" sizes=\"(max-width: 1024px) 100vw, 1024px\" \/><\/div><\/li><li  class=' slide-5 ' ><div data-rel='slideshow-1' class='avia-slide-wrap '   ><img decoding=\"async\" class=\"wp-image-742 avia-img-lazy-loading-not-742\"  src=\"https:\/\/casaroccabella.ch\/wp-content\/uploads\/2019\/02\/7-2.jpg\" width=\"1024\" height=\"768\" title='7' alt=''  itemprop=\"thumbnailUrl\" srcset=\"https:\/\/casaroccabella.ch\/wp-content\/uploads\/2019\/02\/7-2.jpg 1024w, https:\/\/casaroccabella.ch\/wp-content\/uploads\/2019\/02\/7-2-300x225.jpg 300w, https:\/\/casaroccabella.ch\/wp-content\/uploads\/2019\/02\/7-2-768x576.jpg 768w, https:\/\/casaroccabella.ch\/wp-content\/uploads\/2019\/02\/7-2-705x529.jpg 705w, https:\/\/casaroccabella.ch\/wp-content\/uploads\/2019\/02\/7-2-450x338.jpg 450w\" sizes=\"(max-width: 1024px) 100vw, 1024px\" \/><\/div><\/li><li  class=' slide-6 ' ><div data-rel='slideshow-1' class='avia-slide-wrap '   ><img decoding=\"async\" class=\"wp-image-741 avia-img-lazy-loading-not-741\"  src=\"https:\/\/casaroccabella.ch\/wp-content\/uploads\/2019\/02\/6-2.jpg\" width=\"1024\" height=\"768\" title='6' alt=''  itemprop=\"thumbnailUrl\" srcset=\"https:\/\/casaroccabella.ch\/wp-content\/uploads\/2019\/02\/6-2.jpg 1024w, https:\/\/casaroccabella.ch\/wp-content\/uploads\/2019\/02\/6-2-300x225.jpg 300w, https:\/\/casaroccabella.ch\/wp-content\/uploads\/2019\/02\/6-2-768x576.jpg 768w, https:\/\/casaroccabella.ch\/wp-content\/uploads\/2019\/02\/6-2-705x529.jpg 705w, https:\/\/casaroccabella.ch\/wp-content\/uploads\/2019\/02\/6-2-450x338.jpg 450w\" sizes=\"(max-width: 1024px) 100vw, 1024px\" \/><\/div><\/li><li  class=' slide-7 ' ><div data-rel='slideshow-1' class='avia-slide-wrap '   ><img decoding=\"async\" class=\"wp-image-743 avia-img-lazy-loading-not-743\"  src=\"https:\/\/casaroccabella.ch\/wp-content\/uploads\/2019\/02\/8-2.jpg\" width=\"1280\" height=\"960\" title='8' alt=''  itemprop=\"thumbnailUrl\" srcset=\"https:\/\/casaroccabella.ch\/wp-content\/uploads\/2019\/02\/8-2.jpg 1280w, https:\/\/casaroccabella.ch\/wp-content\/uploads\/2019\/02\/8-2-300x225.jpg 300w, https:\/\/casaroccabella.ch\/wp-content\/uploads\/2019\/02\/8-2-768x576.jpg 768w, https:\/\/casaroccabella.ch\/wp-content\/uploads\/2019\/02\/8-2-1030x773.jpg 1030w, https:\/\/casaroccabella.ch\/wp-content\/uploads\/2019\/02\/8-2-705x529.jpg 705w, https:\/\/casaroccabella.ch\/wp-content\/uploads\/2019\/02\/8-2-450x338.jpg 450w\" sizes=\"(max-width: 1280px) 100vw, 1280px\" \/><\/div><\/li><li  class=' slide-8 ' ><div data-rel='slideshow-1' class='avia-slide-wrap '   ><img decoding=\"async\" class=\"wp-image-745 avia-img-lazy-loading-not-745\"  src=\"https:\/\/casaroccabella.ch\/wp-content\/uploads\/2019\/02\/9-2.jpg\" width=\"1280\" height=\"960\" title='9' alt=''  itemprop=\"thumbnailUrl\" srcset=\"https:\/\/casaroccabella.ch\/wp-content\/uploads\/2019\/02\/9-2.jpg 1280w, https:\/\/casaroccabella.ch\/wp-content\/uploads\/2019\/02\/9-2-300x225.jpg 300w, https:\/\/casaroccabella.ch\/wp-content\/uploads\/2019\/02\/9-2-768x576.jpg 768w, https:\/\/casaroccabella.ch\/wp-content\/uploads\/2019\/02\/9-2-1030x773.jpg 1030w, https:\/\/casaroccabella.ch\/wp-content\/uploads\/2019\/02\/9-2-705x529.jpg 705w, https:\/\/casaroccabella.ch\/wp-content\/uploads\/2019\/02\/9-2-450x338.jpg 450w\" sizes=\"(max-width: 1280px) 100vw, 1280px\" \/><\/div><\/li><li  class=' slide-9 ' ><div data-rel='slideshow-1' class='avia-slide-wrap '   ><img decoding=\"async\" class=\"wp-image-750 avia-img-lazy-loading-not-750\"  src=\"https:\/\/casaroccabella.ch\/wp-content\/uploads\/2019\/02\/410.jpg\" width=\"1280\" height=\"960\" title='410' alt=''  itemprop=\"thumbnailUrl\" srcset=\"https:\/\/casaroccabella.ch\/wp-content\/uploads\/2019\/02\/410.jpg 1280w, https:\/\/casaroccabella.ch\/wp-content\/uploads\/2019\/02\/410-300x225.jpg 300w, https:\/\/casaroccabella.ch\/wp-content\/uploads\/2019\/02\/410-768x576.jpg 768w, https:\/\/casaroccabella.ch\/wp-content\/uploads\/2019\/02\/410-1030x773.jpg 1030w, https:\/\/casaroccabella.ch\/wp-content\/uploads\/2019\/02\/410-705x529.jpg 705w, https:\/\/casaroccabella.ch\/wp-content\/uploads\/2019\/02\/410-450x338.jpg 450w\" sizes=\"(max-width: 1280px) 100vw, 1280px\" \/><\/div><\/li><li  class=' slide-10 ' ><div data-rel='slideshow-1' class='avia-slide-wrap '   ><img decoding=\"async\" class=\"wp-image-747 avia-img-lazy-loading-not-747\"  src=\"https:\/\/casaroccabella.ch\/wp-content\/uploads\/2019\/02\/11-2.jpg\" width=\"1280\" height=\"960\" title='11' alt=''  itemprop=\"thumbnailUrl\" srcset=\"https:\/\/casaroccabella.ch\/wp-content\/uploads\/2019\/02\/11-2.jpg 1280w, https:\/\/casaroccabella.ch\/wp-content\/uploads\/2019\/02\/11-2-300x225.jpg 300w, https:\/\/casaroccabella.ch\/wp-content\/uploads\/2019\/02\/11-2-768x576.jpg 768w, https:\/\/casaroccabella.ch\/wp-content\/uploads\/2019\/02\/11-2-1030x773.jpg 1030w, https:\/\/casaroccabella.ch\/wp-content\/uploads\/2019\/02\/11-2-705x529.jpg 705w, https:\/\/casaroccabella.ch\/wp-content\/uploads\/2019\/02\/11-2-450x338.jpg 450w\" sizes=\"(max-width: 1280px) 100vw, 1280px\" \/><\/div><\/li><li  class=' slide-11 ' ><div data-rel='slideshow-1' class='avia-slide-wrap '   ><img decoding=\"async\" class=\"wp-image-748 avia-img-lazy-loading-not-748\"  src=\"https:\/\/casaroccabella.ch\/wp-content\/uploads\/2019\/02\/12-2.jpg\" width=\"1280\" height=\"960\" title='12' alt=''  itemprop=\"thumbnailUrl\" srcset=\"https:\/\/casaroccabella.ch\/wp-content\/uploads\/2019\/02\/12-2.jpg 1280w, https:\/\/casaroccabella.ch\/wp-content\/uploads\/2019\/02\/12-2-300x225.jpg 300w, https:\/\/casaroccabella.ch\/wp-content\/uploads\/2019\/02\/12-2-768x576.jpg 768w, https:\/\/casaroccabella.ch\/wp-content\/uploads\/2019\/02\/12-2-1030x773.jpg 1030w, https:\/\/casaroccabella.ch\/wp-content\/uploads\/2019\/02\/12-2-705x529.jpg 705w, https:\/\/casaroccabella.ch\/wp-content\/uploads\/2019\/02\/12-2-450x338.jpg 450w\" sizes=\"(max-width: 1280px) 100vw, 1280px\" \/><\/div><\/li><\/ul><div class='avia-slideshow-arrows avia-slideshow-controls'><a href='#prev' tabindex='-1' class='prev-slide' aria-hidden='true' data-av_icon='\ue87c' data-av_iconfont='entypo-fontello'>Zur\u00fcck<\/a><a href='#next' tabindex='-1' class='next-slide' aria-hidden='true' data-av_icon='\ue87d' data-av_iconfont='entypo-fontello'>Weiter<\/a><\/div><div class='avia-slideshow-dots avia-slideshow-controls'><a href='#1' class='goto-slide active' >1<\/a><a href='#2' class='goto-slide ' >2<\/a><a href='#3' class='goto-slide ' >3<\/a><a href='#4' class='goto-slide ' >4<\/a><a href='#5' class='goto-slide ' >5<\/a><a href='#6' class='goto-slide ' >6<\/a><a href='#7' class='goto-slide ' >7<\/a><a href='#8' class='goto-slide ' >8<\/a><a href='#9' class='goto-slide ' >9<\/a><a href='#10' class='goto-slide ' >10<\/a><a href='#11' class='goto-slide ' >11<\/a><\/div><\/div><br \/>\n<section class=\"av_textblock_section \"  itemscope=\"itemscope\" itemtype=\"https:\/\/schema.org\/CreativeWork\" ><div class='avia_textblock  '   itemprop=\"text\" ><p><strong>Ferienwohnung Tessin: Studio mit Balkon gegen Garten<\/strong><\/p>\n<p>Diese Ferienwohnung eignet sich f\u00fcr 1-2 Erwachsene. Das Studio ist nach Nord-Osten ausgerichtet. Es befindet sich auf der selben Etage wie das Appartement B.<\/p>\n<p><strong>Ausstattung:<\/strong> Die Ferienwohnung besteht aus einem Zimmer (21m<sup>2<\/sup>) mit zwei 2 Betten, die nebeneinander oder separat gestellt werden k\u00f6nnen, zwei Fauteuils, einem Esstisch und einer K\u00fcchenkombination mit elektrischem 2-Platten-Glaskeramikherd, Backofen, K\u00fchlschrank und Nespresso-Kaffeemaschine. Das Bad verf\u00fcgt \u00fcber Dusche, Toilette und Lavabo.<\/p>\n<p><strong>Balkon:<\/strong> Die Ferienwohnung verf\u00fcgt \u00fcber einen kleinen Balkon mit Abendsonne im Sommer. Vom Balkon aus blickt man auf die von B\u00e4umen und Palmen ums\u00e4umte Spielwiese und in die Berge. Der Balkon ist vom Wohnzimmer aus betretbar und verf\u00fcgt \u00fcber einen Gartentisch mit St\u00fchlen. Vor dem Hauseingang, auf der Ostseite des Hauses, gibt es eine kleine nicht \u00fcberdachte Terrasse mit Sonnenstore, Tischchen, zwei St\u00fchlen, Morgensonne und Blick auf Ascona.<\/p>\n<\/div><\/section><\/p><\/div><div class=\"flex_column av_one_fifth  flex_column_div av-zero-column-padding   avia-builder-el-7  el_after_av_three_fifth  avia-builder-el-last  \" style='border-radius:0px; '><span  class=\"av_font_icon avia_animate_when_visible avia-icon-animate  av-icon-style-  av-no-color avia-icon-pos-left \" style=\"\"><a href='https:\/\/casaroccabella.ch\/index.php\/appartement-d'   class='av-icon-char' style='font-size:40px;line-height:40px;' aria-hidden='true' data-av_icon='\ue87d' data-av_iconfont='entypo-fontello' ><\/a><\/span><\/div><\/p>\n","protected":false},"excerpt":{"rendered":"","protected":false},"author":1,"featured_media":0,"parent":0,"menu_order":0,"comment_status":"closed","ping_status":"closed","template":"","meta":{"footnotes":""},"class_list":["post-1244","page","type-page","status-publish","hentry"],"yoast_head":"<!-- This site is optimized with the Yoast SEO plugin v26.4 - https:\/\/yoast.com\/wordpress\/plugins\/seo\/ -->\n<title>Appartement C Studio - Casa Rocca Bella<\/title>\n<meta name=\"robots\" content=\"index, follow, max-snippet:-1, max-image-preview:large, max-video-preview:-1\" \/>\n<link rel=\"canonical\" href=\"https:\/\/casaroccabella.ch\/index.php\/appartement-c\/\" \/>\n<meta property=\"og:locale\" content=\"de_DE\" \/>\n<meta property=\"og:type\" content=\"article\" \/>\n<meta property=\"og:title\" content=\"Appartement C Studio - Casa Rocca Bella\" \/>\n<meta property=\"og:url\" content=\"https:\/\/casaroccabella.ch\/index.php\/appartement-c\/\" \/>\n<meta property=\"og:site_name\" content=\"Casa Rocca Bella\" \/>\n<meta property=\"article:modified_time\" content=\"2024-12-09T10:19:55+00:00\" \/>\n<meta name=\"twitter:card\" content=\"summary_large_image\" \/>\n<meta name=\"twitter:label1\" content=\"Gesch\u00e4tzte Lesezeit\" \/>\n\t<meta name=\"twitter:data1\" content=\"4\u00a0Minuten\" \/>\n<script type=\"application\/ld+json\" class=\"yoast-schema-graph\">{\"@context\":\"https:\/\/schema.org\",\"@graph\":[{\"@type\":\"WebPage\",\"@id\":\"https:\/\/casaroccabella.ch\/index.php\/appartement-c\/\",\"url\":\"https:\/\/casaroccabella.ch\/index.php\/appartement-c\/\",\"name\":\"Appartement C Studio - Casa Rocca Bella\",\"isPartOf\":{\"@id\":\"https:\/\/casaroccabella.ch\/#website\"},\"datePublished\":\"2019-05-22T11:11:36+00:00\",\"dateModified\":\"2024-12-09T10:19:55+00:00\",\"breadcrumb\":{\"@id\":\"https:\/\/casaroccabella.ch\/index.php\/appartement-c\/#breadcrumb\"},\"inLanguage\":\"de-CH\",\"potentialAction\":[{\"@type\":\"ReadAction\",\"target\":[\"https:\/\/casaroccabella.ch\/index.php\/appartement-c\/\"]}]},{\"@type\":\"BreadcrumbList\",\"@id\":\"https:\/\/casaroccabella.ch\/index.php\/appartement-c\/#breadcrumb\",\"itemListElement\":[{\"@type\":\"ListItem\",\"position\":1,\"name\":\"Home\",\"item\":\"https:\/\/casaroccabella.ch\/index.php\/home\/\"},{\"@type\":\"ListItem\",\"position\":2,\"name\":\"Appartement C Studio\"}]},{\"@type\":\"WebSite\",\"@id\":\"https:\/\/casaroccabella.ch\/#website\",\"url\":\"https:\/\/casaroccabella.ch\/\",\"name\":\"Casa Rocca Bella\",\"description\":\"Ferienwohnung in Ascona, Tessin (Schweiz)\",\"publisher\":{\"@id\":\"https:\/\/casaroccabella.ch\/#organization\"},\"potentialAction\":[{\"@type\":\"SearchAction\",\"target\":{\"@type\":\"EntryPoint\",\"urlTemplate\":\"https:\/\/casaroccabella.ch\/?s={search_term_string}\"},\"query-input\":{\"@type\":\"PropertyValueSpecification\",\"valueRequired\":true,\"valueName\":\"search_term_string\"}}],\"inLanguage\":\"de-CH\"},{\"@type\":\"Organization\",\"@id\":\"https:\/\/casaroccabella.ch\/#organization\",\"name\":\"Casa Rocca Bella, Ascona\",\"url\":\"https:\/\/casaroccabella.ch\/\",\"logo\":{\"@type\":\"ImageObject\",\"inLanguage\":\"de-CH\",\"@id\":\"https:\/\/casaroccabella.ch\/#\/schema\/logo\/image\/\",\"url\":\"https:\/\/casaroccabella.ch\/wp-content\/uploads\/2019\/02\/11-3.jpg\",\"contentUrl\":\"https:\/\/casaroccabella.ch\/wp-content\/uploads\/2019\/02\/11-3.jpg\",\"width\":1280,\"height\":960,\"caption\":\"Casa Rocca Bella, Ascona\"},\"image\":{\"@id\":\"https:\/\/casaroccabella.ch\/#\/schema\/logo\/image\/\"}}]}<\/script>\n<!-- \/ Yoast SEO plugin. -->","yoast_head_json":{"title":"Appartement C Studio - Casa Rocca Bella","robots":{"index":"index","follow":"follow","max-snippet":"max-snippet:-1","max-image-preview":"max-image-preview:large","max-video-preview":"max-video-preview:-1"},"canonical":"https:\/\/casaroccabella.ch\/index.php\/appartement-c\/","og_locale":"de_DE","og_type":"article","og_title":"Appartement C Studio - Casa Rocca Bella","og_url":"https:\/\/casaroccabella.ch\/index.php\/appartement-c\/","og_site_name":"Casa Rocca Bella","article_modified_time":"2024-12-09T10:19:55+00:00","twitter_card":"summary_large_image","twitter_misc":{"Gesch\u00e4tzte Lesezeit":"4\u00a0Minuten"},"schema":{"@context":"https:\/\/schema.org","@graph":[{"@type":"WebPage","@id":"https:\/\/casaroccabella.ch\/index.php\/appartement-c\/","url":"https:\/\/casaroccabella.ch\/index.php\/appartement-c\/","name":"Appartement C Studio - Casa Rocca Bella","isPartOf":{"@id":"https:\/\/casaroccabella.ch\/#website"},"datePublished":"2019-05-22T11:11:36+00:00","dateModified":"2024-12-09T10:19:55+00:00","breadcrumb":{"@id":"https:\/\/casaroccabella.ch\/index.php\/appartement-c\/#breadcrumb"},"inLanguage":"de-CH","potentialAction":[{"@type":"ReadAction","target":["https:\/\/casaroccabella.ch\/index.php\/appartement-c\/"]}]},{"@type":"BreadcrumbList","@id":"https:\/\/casaroccabella.ch\/index.php\/appartement-c\/#breadcrumb","itemListElement":[{"@type":"ListItem","position":1,"name":"Home","item":"https:\/\/casaroccabella.ch\/index.php\/home\/"},{"@type":"ListItem","position":2,"name":"Appartement C Studio"}]},{"@type":"WebSite","@id":"https:\/\/casaroccabella.ch\/#website","url":"https:\/\/casaroccabella.ch\/","name":"Casa Rocca Bella","description":"Ferienwohnung in Ascona, Tessin (Schweiz)","publisher":{"@id":"https:\/\/casaroccabella.ch\/#organization"},"potentialAction":[{"@type":"SearchAction","target":{"@type":"EntryPoint","urlTemplate":"https:\/\/casaroccabella.ch\/?s={search_term_string}"},"query-input":{"@type":"PropertyValueSpecification","valueRequired":true,"valueName":"search_term_string"}}],"inLanguage":"de-CH"},{"@type":"Organization","@id":"https:\/\/casaroccabella.ch\/#organization","name":"Casa Rocca Bella, Ascona","url":"https:\/\/casaroccabella.ch\/","logo":{"@type":"ImageObject","inLanguage":"de-CH","@id":"https:\/\/casaroccabella.ch\/#\/schema\/logo\/image\/","url":"https:\/\/casaroccabella.ch\/wp-content\/uploads\/2019\/02\/11-3.jpg","contentUrl":"https:\/\/casaroccabella.ch\/wp-content\/uploads\/2019\/02\/11-3.jpg","width":1280,"height":960,"caption":"Casa Rocca Bella, Ascona"},"image":{"@id":"https:\/\/casaroccabella.ch\/#\/schema\/logo\/image\/"}}]}},"_links":{"self":[{"href":"https:\/\/casaroccabella.ch\/index.php\/wp-json\/wp\/v2\/pages\/1244","targetHints":{"allow":["GET"]}}],"collection":[{"href":"https:\/\/casaroccabella.ch\/index.php\/wp-json\/wp\/v2\/pages"}],"about":[{"href":"https:\/\/casaroccabella.ch\/index.php\/wp-json\/wp\/v2\/types\/page"}],"author":[{"embeddable":true,"href":"https:\/\/casaroccabella.ch\/index.php\/wp-json\/wp\/v2\/users\/1"}],"replies":[{"embeddable":true,"href":"https:\/\/casaroccabella.ch\/index.php\/wp-json\/wp\/v2\/comments?post=1244"}],"version-history":[{"count":12,"href":"https:\/\/casaroccabella.ch\/index.php\/wp-json\/wp\/v2\/pages\/1244\/revisions"}],"predecessor-version":[{"id":1732,"href":"https:\/\/casaroccabella.ch\/index.php\/wp-json\/wp\/v2\/pages\/1244\/revisions\/1732"}],"wp:attachment":[{"href":"https:\/\/casaroccabella.ch\/index.php\/wp-json\/wp\/v2\/media?parent=1244"}],"curies":[{"name":"wp","href":"https:\/\/api.w.org\/{rel}","templated":true}]}}